{"id":1741,"date":"2025-02-15T20:17:24","date_gmt":"2025-02-15T20:17:24","guid":{"rendered":"https:\/\/ptsslab.ca\/solutions\/"},"modified":"2025-03-14T06:24:50","modified_gmt":"2025-03-14T06:24:50","slug":"solution","status":"publish","type":"page","link":"https:\/\/ptsslab.ca\/fr\/solution\/","title":{"rendered":"Solutions"},"content":{"rendered":"\n<section id=\"hero-2532d7\" class=\"hero-wrapper  overflow-hidden main-hero-inner\">\n    <div class=\"container\">\n      <div class=\"row\">\n        <div class=\"col-12\">\n            <div class=\"hero-content  has-circle-image \"  style=\"margin-top: 10rem;\">\n            <div class=\"row align-items-center\">\n                        <div class=\"col-lg-6\">\n                <div class=\"--content\">\n                    <h1>Donner au PSP des solutions en sant\u00e9 mentale<\/h1>\n<p>Des outils qui ont fait leurs preuves con\u00e7us dans le but de prot\u00e9ger, de soutenir, et de renforcer le bien-\u00eatre de ceux et celles qui nous prot\u00e8gent.<\/p>\n                                    <\/div>\n            <\/div>\n            \n            \t\t\t\n\t\t\t\t\t\t\t\t\n\t\t\t\t\t\t\t\t\n\t\t\t\t\n\t\t\t\t\n        <\/div>\n            <\/div>\n        <\/div>\n      <\/div>\n    <\/div>\n<\/section>\n\n<!-- Original block code\n<section class=\"hero-wrapper \/\/ echo esc_attr($className); ?>\">\n    <div class=\"container\">\n      <div class=\"row\">\n        <div class=\"col-12\">\n            <div class=\"hero-content \/\/ echo $hascircle ?> \/\/ echo $hasbackground ?>\" \/\/ if ($spacing_styles) : ?> style=\"\/\/ echo esc_attr($spacing_styles); ?>\"\/\/ endif; ?>>\n            <div class=\"row align-items-\/\/ echo esc_attr($column_alignment); ?>\">\n            \/\/ if ($content) : ?>\n            <div class=\"col-lg-\/\/ echo esc_attr($left_columns); ?>\">\n                <div class=\"--content\">\n                    \/\/ echo $content; ?>\n                    \/\/ if ($link) : ?>\n                        <div class=\"hero-cta\">\n                            <a href=\"\/\/ echo esc_url($link['url']); ?>\" \n                               class=\"btn btn-primary\"\n                               target=\"\/\/ echo esc_attr($link['target']); ?>\">\n                                \/\/ echo esc_html($link['title']); ?>\n                            <\/a>\n                        <\/div>\n                    \/\/ endif; ?>\n                <\/div>\n            <\/div>\n            \/\/ endif; ?>\n\n            \/\/ if ($image) : ?>\n            <div class=\"col-lg-\/\/ echo esc_attr($right_columns); ?> position-relative\">\n                <div class=\"hero-image \/\/ echo $hasabsolute; ?> \/\/ echo $image_alignment; ?>\">\n                    <img decoding=\"async\" src=\"\/\/ echo esc_url($image['url']); ?>\" \n                         alt=\"\/\/ echo esc_attr($image['alt']); ?>\" \n                         class=\"img-fluid\">\n                        \/\/ if ($circle_image) { ?>\n                            <img decoding=\"async\" src=\"\/\/ echo esc_url(get_template_directory_uri() . '\/assets\/images\/heroCircle.svg'); ?>\" \n                                    alt=\"hero circle\" class=\"--circle\">\n                        \/\/ } ?>\n                <\/div>\n            <\/div>\n            \/\/ endif; ?>\n        <\/div>\n            <\/div>\n        <\/div>\n      <\/div>\n    <\/div>\n<\/section> -->\n\n\n<div class=\"wp-block-group full-column-content left-right-content left-circle-element has-global-padding is-layout-constrained wp-block-group-is-layout-constrained\">\n<div class=\"wp-block-columns is-layout-flex wp-container-core-columns-is-layout-28f84493 wp-block-columns-is-layout-flex\">\n<div class=\"wp-block-column container justify-content-center is-layout-flow wp-block-column-is-layout-flow\">\n<div class=\"wp-block-columns align-items-center is-layout-flex wp-container-core-columns-is-layout-28f84493 wp-block-columns-is-layout-flex\">\n<div class=\"wp-block-column left-content p-0 sol-circle is-layout-flow wp-block-column-is-layout-flow\" style=\"flex-basis:10px\"><\/div>\n\n\n\n<div class=\"wp-block-column right-content is-layout-flow wp-block-column-is-layout-flow\" style=\"flex-basis:95.8rem\">\n<p class=\"has-text-align-center fw-500 fs-24\">Le <strong>Laboratoire sur les traumatismes et les syst\u00e8mes de r\u00e9ponse au stress (Laboratoire PTSS) <\/strong>procure des outils fond\u00e9s sur des donn\u00e9es probantes afin de prot\u00e9ger, de soutenir et de renforcer le bien-\u00eatre de ceux et celles qui servent.&nbsp;Compte tenu que 2 membres du PSP sur 3 obtiennent un r\u00e9sultat positif de trouble de sant\u00e9 mentale, nos solutions font le pont entre les besoins et l&rsquo;acc\u00e8s, s&rsquo;assurant que les premiers intervenants re\u00e7oivent le soutien qu&rsquo;ils m\u00e9ritent.<\/p>\n<\/div>\n\n\n\n<div class=\"wp-block-column p-0 is-layout-flow wp-block-column-is-layout-flow\" style=\"flex-basis:10px\"><\/div>\n<\/div>\n<\/div>\n<\/div>\n<\/div>\n\n\n\n<div class=\"wp-block-cover is-light p-0 m-0\"><span aria-hidden=\"true\" class=\"wp-block-cover__background has-background-dim-100 has-background-dim\" style=\"background-color:#f1eee7\"><\/span><div class=\"wp-block-cover__inner-container has-global-padding is-layout-constrained wp-block-cover-is-layout-constrained\">\n<div class=\"wp-block-group left-right-content has-global-padding is-layout-constrained wp-block-group-is-layout-constrained\">\n<div class=\"wp-block-columns is-layout-flex wp-container-core-columns-is-layout-28f84493 wp-block-columns-is-layout-flex\">\n<div class=\"wp-block-column container justify-content-between is-layout-flow wp-block-column-is-layout-flow\">\n<div class=\"wp-block-columns align-items-center is-layout-flex wp-container-core-columns-is-layout-28f84493 wp-block-columns-is-layout-flex\">\n<div class=\"wp-block-column p-0 is-layout-flow wp-block-column-is-layout-flow\" style=\"flex-basis:50px\"><\/div>\n\n\n\n<div class=\"wp-block-column left-content is-layout-flow wp-block-column-is-layout-flow\" style=\"flex-basis:42rem\">\n<h3 class=\"wp-block-heading\" style=\"font-size:clamp(1.837rem, 1.837rem + ((1vw - 0.2rem) * 2.138), 3.2rem);font-style:normal;font-weight:500\">Pourquoi choisir les solutions du Laboratoire PTSS ?<\/h3>\n<\/div>\n\n\n\n<div class=\"wp-block-column right-content is-layout-flow wp-block-column-is-layout-flow\" style=\"flex-basis:68.9rem\">\n<ul class=\"wp-block-list\">\n<li style=\"margin-top:0px;margin-bottom:12px\">Des <strong>outils bas\u00e9s sur des donn\u00e9es <\/strong>con\u00e7us sp\u00e9cialement pour le <strong>personnel de la s\u00e9curit\u00e9 publique&nbsp;;<\/strong><\/li>\n\n\n\n<li style=\"margin-top:0px;margin-bottom:12px\">Des interventions<strong>&nbsp;confidentielles, s\u00e9curitaires et fond\u00e9es sur des donn\u00e9es probantes&nbsp;;<\/strong><\/li>\n\n\n\n<li style=\"margin-top:0px;margin-bottom:12px\">Soutenues par d\u2019<strong>\u00e9minents chercheurs en mati\u00e8re de la sant\u00e9 mentale du PSP<\/strong>&nbsp;;<\/li>\n\n\n\n<li style=\"margin-top:0px\">Des solutions adapt\u00e9es aux <strong>personnes et aux organisations.<\/strong><\/li>\n<\/ul>\n<\/div>\n<\/div>\n<\/div>\n<\/div>\n<\/div>\n<\/div><\/div>\n\n\n\n<section id=\"icon-card-283d52\" class=\"icon-wrapper  icon-large-cards\"         style=\"padding-bottom: 10rem;\" >\n    <div class=\"container\">\n        <div class=\"row\">\n                                                <div class=\"col-lg-4 card-icon-outer mb-5\">\n                        <div class=\"card-icon bg-white\">\n                                                            <figure>\n                                    <img decoding=\"async\" src=\"https:\/\/ptsslab.ca\/wp-content\/uploads\/2025\/02\/Mental.svg\" alt=\"\">\n                                <\/figure>\n                                                        <div class=\"--content\">\n                                <h2>Syst\u00e8me de surveillance de la sant\u00e9 mentale<\/h2>\n<p>Un syst\u00e8me d&rsquo;auto\u00e9valuation qui donne aux membres du PSP un aper\u00e7u de leur sant\u00e9 mentale en temps r\u00e9el.\u00a0Con\u00e7u gr\u00e2ce \u00e0 une collaboration entre l&rsquo;Universit\u00e9 de Regina et la Commission des accidents de travail de la Saskatchewan, cet outil permet de suivre et de soutenir confidentiellement la gestion du stress professionnel et des probl\u00e8mes de sant\u00e9 mentale.<\/p>\n                            <\/div>\n                                                                                        <a href=\"http:\/\/ptsslab.ca\/fr\/solution\/systeme-de-surveillance-de-la-sante-mentale-mhm\/\" class=\"btn btn-primary\"\n                                    target=\"\">En savoir plus<\/a>\n                                                    <\/div>\n                    <\/div>\n                                    <div class=\"col-lg-4 card-icon-outer mb-5\">\n                        <div class=\"card-icon bg-white\">\n                                                            <figure>\n                                    <img decoding=\"async\" src=\"https:\/\/ptsslab.ca\/wp-content\/uploads\/2025\/02\/emotional.svg\" alt=\"\">\n                                <\/figure>\n                                                        <div class=\"--content\">\n                                <h2>Formation de comp\u00e9tences en r\u00e9silience \u00e9motionnelle (formation ERST)<\/h2>\n<p>Un programme structur\u00e9 de 10 semaines qui outille les membres du PSP avec des strat\u00e9gies d&rsquo;adaptation essentielles pour g\u00e9rer le stress, les traumatismes, et les probl\u00e8mes de sant\u00e9 mentale.\u00a0\u00c9labor\u00e9 selon des techniques prouv\u00e9es scientifiquement, la formation ERST favorise la r\u00e9silience \u00e9motionnelle et la gestion proactive de la sant\u00e9 mentale.<\/p>\n                            <\/div>\n                                                                                        <a href=\"http:\/\/ptsslab.ca\/fr\/solution\/formation-aux-competences-de-resilience-emotionnelle-erst\/\" class=\"btn btn-primary\"\n                                    target=\"\">D\u00c9COUVRIR la formation ERST<\/a>\n                                                    <\/div>\n                    <\/div>\n                                    <div class=\"col-lg-4 card-icon-outer mb-5\">\n                        <div class=\"card-icon bg-white\">\n                                                            <figure>\n                                    <img decoding=\"async\" src=\"https:\/\/ptsslab.ca\/wp-content\/uploads\/2025\/02\/user.svg\" alt=\"\">\n                                <\/figure>\n                                                        <div class=\"--content\">\n                                <h2>Recherche cibl\u00e9e<\/h2>\n<p>Le Laboratoire SSTP offre une gamme compl\u00e8te de services de recherche consacr\u00e9s et adapt\u00e9s pour concevoir et d\u00e9ployer des initiatives de recherche \u00e0 grande \u00e9chelle, et de ce fait, faciliter la collecte de donn\u00e9es, l&rsquo;analyse, et la diffusion des r\u00e9sultats de recherche.<\/p>\n                            <\/div>\n                                                                                <\/div>\n                    <\/div>\n                            \n        <\/div>\n    <\/div>\n<\/section>\n\n\n<section id=\"self-assessment-ab8428\" class=\"self-assessment  white-box-column mt-xs-0\" >\n    <div class=\"container\">\n        <div class=\"row justify-content-between\">\n            <div class=\"col-12\">\n                <div class=\"--content bg-white inner-padding\">\n                    <div class=\"row\">\n                        <div class=\"col-lg-6\">\n                                                            <div class=\"assessment-title\">\n                                    <h6>Nous joindre<\/h6>\n<h2>Mettre en \u0153uvre<br \/>\nces solutions<\/h2>\n                                <\/div>\n                            \n                                                    <\/div>\n                        <div class=\"col-lg-6\">\n                                                            <div class=\"right-content\">\n                                    <p>Que vous soyez une personne cherchant du soutien ou une organisation visant \u00e0 am\u00e9liorer le bien-\u00eatre des effectifs, les solutions du Laboratoire PTSS sont con\u00e7ues pour \u00eatre accessibles et avoir un impact.<\/p>\n                                                                            <a href=\"http:\/\/ptsslab.ca\/fr\/contact\/\"\n                                            target=\"\" class=\"btn btn-primary\">\n                                            Nous joindre                                        <\/a>\n                                                                    <\/div>\n                                                                                <\/div>\n                    <\/div>\n                <\/div>\n            <\/div>\n        <\/div>\n    <\/div>\n<\/section>","protected":false},"excerpt":{"rendered":"<p>Le Laboratoire sur les traumatismes et les syst\u00e8mes de r\u00e9ponse au stress (Laboratoire PTSS) procure des outils fond\u00e9s sur des donn\u00e9es probantes afin de prot\u00e9ger, de soutenir et de renforcer le bien-\u00eatre de ceux et celles qui servent.&nbsp;Compte tenu que 2 membres du PSP sur 3 obtiennent un r\u00e9sultat positif de trouble de sant\u00e9 mentale, [&hellip;]<\/p>\n","protected":false},"author":1,"featured_media":0,"parent":0,"menu_order":0,"comment_status":"closed","ping_status":"closed","template":"","meta":{"_acf_changed":false,"footnotes":""},"class_list":["post-1741","page","type-page","status-publish","hentry"],"acf":[],"yoast_head":"<!-- This site is optimized with the Yoast SEO plugin v27.3 - https:\/\/yoast.com\/product\/yoast-seo-wordpress\/ -->\n<title>Renforcer le PSP gr\u00e2ce \u00e0 des solutions de sant\u00e9 mentale et de soins fond\u00e9es sur des donn\u00e9es probantes<\/title>\n<meta name=\"description\" content=\"Le laboratoire des syst\u00e8mes de stress et de traumatismes psychologiques fournit des outils fond\u00e9s sur des donn\u00e9es probantes, con\u00e7us pour prot\u00e9ger, soutenir et renforcer le bien-\u00eatre de ceux qui nous servent.\" \/>\n<meta name=\"robots\" content=\"index, follow, max-snippet:-1, max-image-preview:large, max-video-preview:-1\" \/>\n<link rel=\"canonical\" href=\"https:\/\/ptsslab.ca\/fr\/solution\/\" \/>\n<meta property=\"og:locale\" content=\"fr_FR\" \/>\n<meta property=\"og:type\" content=\"article\" \/>\n<meta property=\"og:title\" content=\"Renforcer le PSP gr\u00e2ce \u00e0 des solutions de sant\u00e9 mentale et de soins fond\u00e9es sur des donn\u00e9es probantes\" \/>\n<meta property=\"og:description\" content=\"Le laboratoire des syst\u00e8mes de stress et de traumatismes psychologiques fournit des outils fond\u00e9s sur des donn\u00e9es probantes, con\u00e7us pour prot\u00e9ger, soutenir et renforcer le bien-\u00eatre de ceux qui nous servent.\" \/>\n<meta property=\"og:url\" content=\"https:\/\/ptsslab.ca\/fr\/solution\/\" \/>\n<meta property=\"og:site_name\" content=\"PTSS Lab\" \/>\n<meta property=\"article:modified_time\" content=\"2025-03-14T06:24:50+00:00\" \/>\n<meta name=\"twitter:card\" content=\"summary_large_image\" \/>\n<meta name=\"twitter:label1\" content=\"Dur\u00e9e de lecture estim\u00e9e\" \/>\n\t<meta name=\"twitter:data1\" content=\"1 minute\" \/>\n<script type=\"application\/ld+json\" class=\"yoast-schema-graph\">{\"@context\":\"https:\\\/\\\/schema.org\",\"@graph\":[{\"@type\":\"WebPage\",\"@id\":\"https:\\\/\\\/ptsslab.ca\\\/fr\\\/solution\\\/\",\"url\":\"https:\\\/\\\/ptsslab.ca\\\/fr\\\/solution\\\/\",\"name\":\"Renforcer le PSP gr\u00e2ce \u00e0 des solutions de sant\u00e9 mentale et de soins fond\u00e9es sur des donn\u00e9es probantes\",\"isPartOf\":{\"@id\":\"https:\\\/\\\/ptsslab.ca\\\/fr\\\/#website\"},\"datePublished\":\"2025-02-15T20:17:24+00:00\",\"dateModified\":\"2025-03-14T06:24:50+00:00\",\"description\":\"Le laboratoire des syst\u00e8mes de stress et de traumatismes psychologiques fournit des outils fond\u00e9s sur des donn\u00e9es probantes, con\u00e7us pour prot\u00e9ger, soutenir et renforcer le bien-\u00eatre de ceux qui nous servent.\",\"breadcrumb\":{\"@id\":\"https:\\\/\\\/ptsslab.ca\\\/fr\\\/solution\\\/#breadcrumb\"},\"inLanguage\":\"fr-FR\",\"potentialAction\":[{\"@type\":\"ReadAction\",\"target\":[\"https:\\\/\\\/ptsslab.ca\\\/fr\\\/solution\\\/\"]}]},{\"@type\":\"BreadcrumbList\",\"@id\":\"https:\\\/\\\/ptsslab.ca\\\/fr\\\/solution\\\/#breadcrumb\",\"itemListElement\":[{\"@type\":\"ListItem\",\"position\":1,\"name\":\"Home\",\"item\":\"https:\\\/\\\/ptsslab.ca\\\/fr\\\/\"},{\"@type\":\"ListItem\",\"position\":2,\"name\":\"Solutions\"}]},{\"@type\":\"WebSite\",\"@id\":\"https:\\\/\\\/ptsslab.ca\\\/fr\\\/#website\",\"url\":\"https:\\\/\\\/ptsslab.ca\\\/fr\\\/\",\"name\":\"PTSS Lab\",\"description\":\"Advancing Mental Health for Trauma-Exposed Professionals\",\"potentialAction\":[{\"@type\":\"SearchAction\",\"target\":{\"@type\":\"EntryPoint\",\"urlTemplate\":\"https:\\\/\\\/ptsslab.ca\\\/fr\\\/?s={search_term_string}\"},\"query-input\":{\"@type\":\"PropertyValueSpecification\",\"valueRequired\":true,\"valueName\":\"search_term_string\"}}],\"inLanguage\":\"fr-FR\"}]}<\/script>\n<!-- \/ Yoast SEO plugin. -->","yoast_head_json":{"title":"Renforcer le PSP gr\u00e2ce \u00e0 des solutions de sant\u00e9 mentale et de soins fond\u00e9es sur des donn\u00e9es probantes","description":"Le laboratoire des syst\u00e8mes de stress et de traumatismes psychologiques fournit des outils fond\u00e9s sur des donn\u00e9es probantes, con\u00e7us pour prot\u00e9ger, soutenir et renforcer le bien-\u00eatre de ceux qui nous servent.","robots":{"index":"index","follow":"follow","max-snippet":"max-snippet:-1","max-image-preview":"max-image-preview:large","max-video-preview":"max-video-preview:-1"},"canonical":"https:\/\/ptsslab.ca\/fr\/solution\/","og_locale":"fr_FR","og_type":"article","og_title":"Renforcer le PSP gr\u00e2ce \u00e0 des solutions de sant\u00e9 mentale et de soins fond\u00e9es sur des donn\u00e9es probantes","og_description":"Le laboratoire des syst\u00e8mes de stress et de traumatismes psychologiques fournit des outils fond\u00e9s sur des donn\u00e9es probantes, con\u00e7us pour prot\u00e9ger, soutenir et renforcer le bien-\u00eatre de ceux qui nous servent.","og_url":"https:\/\/ptsslab.ca\/fr\/solution\/","og_site_name":"PTSS Lab","article_modified_time":"2025-03-14T06:24:50+00:00","twitter_card":"summary_large_image","twitter_misc":{"Dur\u00e9e de lecture estim\u00e9e":"1 minute"},"schema":{"@context":"https:\/\/schema.org","@graph":[{"@type":"WebPage","@id":"https:\/\/ptsslab.ca\/fr\/solution\/","url":"https:\/\/ptsslab.ca\/fr\/solution\/","name":"Renforcer le PSP gr\u00e2ce \u00e0 des solutions de sant\u00e9 mentale et de soins fond\u00e9es sur des donn\u00e9es probantes","isPartOf":{"@id":"https:\/\/ptsslab.ca\/fr\/#website"},"datePublished":"2025-02-15T20:17:24+00:00","dateModified":"2025-03-14T06:24:50+00:00","description":"Le laboratoire des syst\u00e8mes de stress et de traumatismes psychologiques fournit des outils fond\u00e9s sur des donn\u00e9es probantes, con\u00e7us pour prot\u00e9ger, soutenir et renforcer le bien-\u00eatre de ceux qui nous servent.","breadcrumb":{"@id":"https:\/\/ptsslab.ca\/fr\/solution\/#breadcrumb"},"inLanguage":"fr-FR","potentialAction":[{"@type":"ReadAction","target":["https:\/\/ptsslab.ca\/fr\/solution\/"]}]},{"@type":"BreadcrumbList","@id":"https:\/\/ptsslab.ca\/fr\/solution\/#breadcrumb","itemListElement":[{"@type":"ListItem","position":1,"name":"Home","item":"https:\/\/ptsslab.ca\/fr\/"},{"@type":"ListItem","position":2,"name":"Solutions"}]},{"@type":"WebSite","@id":"https:\/\/ptsslab.ca\/fr\/#website","url":"https:\/\/ptsslab.ca\/fr\/","name":"PTSS Lab","description":"Advancing Mental Health for Trauma-Exposed Professionals","potentialAction":[{"@type":"SearchAction","target":{"@type":"EntryPoint","urlTemplate":"https:\/\/ptsslab.ca\/fr\/?s={search_term_string}"},"query-input":{"@type":"PropertyValueSpecification","valueRequired":true,"valueName":"search_term_string"}}],"inLanguage":"fr-FR"}]}},"_links":{"self":[{"href":"https:\/\/ptsslab.ca\/fr\/wp-json\/wp\/v2\/pages\/1741","targetHints":{"allow":["GET"]}}],"collection":[{"href":"https:\/\/ptsslab.ca\/fr\/wp-json\/wp\/v2\/pages"}],"about":[{"href":"https:\/\/ptsslab.ca\/fr\/wp-json\/wp\/v2\/types\/page"}],"author":[{"embeddable":true,"href":"https:\/\/ptsslab.ca\/fr\/wp-json\/wp\/v2\/users\/1"}],"replies":[{"embeddable":true,"href":"https:\/\/ptsslab.ca\/fr\/wp-json\/wp\/v2\/comments?post=1741"}],"version-history":[{"count":7,"href":"https:\/\/ptsslab.ca\/fr\/wp-json\/wp\/v2\/pages\/1741\/revisions"}],"predecessor-version":[{"id":1899,"href":"https:\/\/ptsslab.ca\/fr\/wp-json\/wp\/v2\/pages\/1741\/revisions\/1899"}],"wp:attachment":[{"href":"https:\/\/ptsslab.ca\/fr\/wp-json\/wp\/v2\/media?parent=1741"}],"curies":[{"name":"wp","href":"https:\/\/api.w.org\/{rel}","templated":true}]}}